{"id":7485,"date":"2022-01-26T09:03:30","date_gmt":"2022-01-26T14:03:30","guid":{"rendered":"https:\/\/antechimagingacademy.com\/cookie-policy\/"},"modified":"2023-03-16T03:41:13","modified_gmt":"2023-03-16T07:41:13","slug":"cookiepolicy","status":"publish","type":"page","link":"https:\/\/antechimagingacademy.com\/sv\/cookiepolicy\/","title":{"rendered":"Cookiepolicy"},"content":{"rendered":"<p>Antech \u00e4r en del av Mars Veterinary Health-familjen av varum\u00e4rken och \u00e4r engagerad i Mars Petcare-syftet &#8211; En b\u00e4ttre v\u00e4rld f\u00f6r husdjur\u2122.<\/p>\n<p><strong>Cookiemeddelande fr\u00e5n Mars<\/strong><\/p>\n<p>I det h\u00e4r meddelandet hittar du information om cookies, vad vi g\u00f6r med cookies, vilka cookies som kan st\u00e4llas in n\u00e4r du bes\u00f6ker en Mars-webbplats och hur du avvisar eller raderar dessa cookies.<\/p>\n<p>Vad \u00e4r cookies?<\/p>\n<p>&#8221;Cookies&#8221; \u00e4r datafiler som en webbplats skickar till din dator medan du tittar p\u00e5 webbplatsen. Dessa datafiler inneh\u00e5ller information som g\u00f6r att v\u00e5r webbplats kan komma ih\u00e5g viktig information som kommer att g\u00f6ra din anv\u00e4ndning av webbplatsen mer effektiv och anv\u00e4ndbar f\u00f6r dig. V\u00e5ra webbplatser anv\u00e4nder cookies f\u00f6r en m\u00e4ngd olika \u00e4ndam\u00e5l. Vi anv\u00e4nder cookieteknik och IP-adresser f\u00f6r att f\u00e5 icke-personlig information fr\u00e5n onlinebes\u00f6kare, och \u00e4ven f\u00f6r att ge registrerade bes\u00f6kare b\u00e4sta m\u00f6jliga personliga onlineupplevelse.<\/p>\n<p>Hur anv\u00e4nder vi cookies?<\/p>\n<p>Bes\u00f6kare p\u00e5 v\u00e5ra webbplatser anv\u00e4nder olika webbl\u00e4sare och olika datorer. F\u00f6r att g\u00f6ra dina bes\u00f6k s\u00e5 enkla som m\u00f6jligt med den teknik du anv\u00e4nder, h\u00e5ller vi automatiskt reda p\u00e5 vilken typ av webbl\u00e4sare (t.ex. Internet Explorer) och operativsystem (t.ex. Windows, Apple) som anv\u00e4nds av en bes\u00f6kare, och dom\u00e4nnamnet f\u00f6r bes\u00f6karens internetleverant\u00f6r. Vi sp\u00e5rar ocks\u00e5 det totala antalet bes\u00f6kare p\u00e5 v\u00e5r webbplats i en aggregerad form f\u00f6r att vi ska kunna uppdatera och f\u00f6rb\u00e4ttra v\u00e5r webbplats; personligt identifierbar information extraheras inte i denna process. Denna data talar om f\u00f6r oss om fler bes\u00f6kare f\u00f6redrar vissa funktioner eller omr\u00e5den framf\u00f6r andra, vilket hj\u00e4lper oss att h\u00e5lla v\u00e5r webbplats fr\u00e4sch och intressant f\u00f6r majoriteten av v\u00e5ra bes\u00f6kare. Vi anv\u00e4nder ocks\u00e5 cookies f\u00f6r att f\u00f6rhindra att barn kommer in p\u00e5 vissa omr\u00e5den eller funktioner som endast \u00e4r avsedda f\u00f6r vuxna eller ton\u00e5ringar.<\/p>\n<p>Hur anv\u00e4nder vi cookies f\u00f6r att anpassa din upplevelse p\u00e5 v\u00e5ra webbplatser?<\/p>\n<p>Cookie-teknik hj\u00e4lper oss att leverera inneh\u00e5ll som \u00e4r skr\u00e4ddarsytt f\u00f6r en bes\u00f6kares intressen och g\u00f6r det l\u00e4ttare f\u00f6r v\u00e5ra bes\u00f6kare att best\u00e4lla produkter, delta i och delta i utlottningar och t\u00e4vlingar och erbjuda andra funktioner p\u00e5 v\u00e5r webbplats. Webbplatser som erbjuder onlineshopping anv\u00e4nder cookies f\u00f6r att komma ih\u00e5g och bearbeta varorna i din kundvagn. D\u00e4r det \u00e4r till\u00e5tet kan vi associera personlig information med en cookiefil i s\u00e5dana fall.<\/p>\n<p>Olika typer av cookies som anv\u00e4nds av oss<\/p>\n<p>De cookies som anv\u00e4nds av oss \u00e4r baserade p\u00e5 International Chamber of Commerce-guiden f\u00f6r cookiekategorier: Strictly Necessary, Performance, Functionality och Targeting.<\/p>\n<p>&#8221;Strikt n\u00f6dv\u00e4ndiga&#8221; cookies l\u00e5ter dig flytta runt p\u00e5 webbplatsen och anv\u00e4nda viktiga funktioner som s\u00e4kra omr\u00e5den, varukorgar och onlinefakturering. Dessa cookies samlar ingen information om dig som kan anv\u00e4ndas f\u00f6r marknadsf\u00f6ring eller f\u00f6r att komma ih\u00e5g var du har varit p\u00e5 internet. Vi anv\u00e4nder dessa strikt n\u00f6dv\u00e4ndiga cookies f\u00f6r att<\/p>\n<p>Kom ih\u00e5g saker som information du har angett p\u00e5 best\u00e4llningsformul\u00e4r n\u00e4r du navigerar till olika sidor i en enda webbl\u00e4sarsession<br \/>\nKom ih\u00e5g varorna och tj\u00e4nsterna du best\u00e4llde n\u00e4r du kommer till kassasidan<br \/>\nidentifiera dig som inloggad p\u00e5 en Mars-webbplats<br \/>\nSe till att du ansluter till r\u00e4tt tj\u00e4nst p\u00e5 v\u00e5r webbplats n\u00e4r vi g\u00f6r n\u00e5gra \u00e4ndringar i hur webbplatsen fungerar<br \/>\nCookies som vi har definierat som &#8221;Strikt n\u00f6dv\u00e4ndiga&#8221; cookies kommer INTE att anv\u00e4ndas till<\/p>\n<p>Samla information som kan anv\u00e4ndas f\u00f6r att marknadsf\u00f6ra produkter eller tj\u00e4nster till dig<br \/>\nKom ih\u00e5g dina preferenser eller anv\u00e4ndarnamn ut\u00f6ver ditt nuvarande bes\u00f6k<br \/>\nDe &#8221;Strikt n\u00f6dv\u00e4ndiga&#8221; cookies som vi anv\u00e4nder p\u00e5 v\u00e5r webbplats listas och f\u00f6rklaras i v\u00e5rt sekretesscenter, tillg\u00e4ngligt via fliken &#8221;Cookieinst\u00e4llningar&#8221; p\u00e5 v\u00e5ra webbplatser.<\/p>\n<p>&#8217;Prestanda&#8217; cookies samlar information om hur du anv\u00e4nder v\u00e5r webbplats t.ex. vilka sidor du bes\u00f6ker och om du upplever n\u00e5gra fel. Dessa cookies samlar inte in n\u00e5gon information som kan identifiera dig \u2013 all information som samlas in \u00e4r anonym och anv\u00e4nds endast f\u00f6r att hj\u00e4lpa oss att f\u00f6rb\u00e4ttra hur v\u00e5r webbplats fungerar, f\u00f6rst\u00e5 vad som intresserar v\u00e5ra anv\u00e4ndare och m\u00e4ta hur effektiv v\u00e5r annonsering \u00e4r. Vi anv\u00e4nder prestandacookies f\u00f6r att<\/p>\n<p>Ge statistik \u00f6ver hur v\u00e5r webbplats anv\u00e4nds<br \/>\nSe hur effektiva v\u00e5ra annonser \u00e4r (vi anv\u00e4nder inte denna information f\u00f6r att rikta annonser mot dig n\u00e4r du bes\u00f6ker andra webbplatser)<br \/>\nHj\u00e4lp oss att f\u00f6rb\u00e4ttra webbplatsen genom att m\u00e4ta eventuella fel som uppst\u00e5r<br \/>\nTesta olika design av v\u00e5r webbplats<br \/>\nCookies som vi har definierat som &#8221;Prestanda&#8221;-cookies kommer INTE att anv\u00e4ndas till<\/p>\n<p>Samla information som kan anv\u00e4ndas f\u00f6r att marknadsf\u00f6ra produkter eller tj\u00e4nster till dig p\u00e5 andra webbplatser<br \/>\nKom ih\u00e5g dina preferenser eller anv\u00e4ndarnamn ut\u00f6ver ditt nuvarande bes\u00f6k<br \/>\nRikta annonser till dig p\u00e5 vilken annan webbplats som helst<br \/>\nDe &#8221;Prestanda&#8221;-cookies vi anv\u00e4nder p\u00e5 v\u00e5r webbplats listas och f\u00f6rklaras i v\u00e5rt sekretesscenter, tillg\u00e4ngligt via fliken &#8221;Cookieinst\u00e4llningar&#8221; p\u00e5 v\u00e5ra webbplatser.<\/p>\n<p>&#8221;Funktionella&#8221; cookies anv\u00e4nds f\u00f6r att tillhandah\u00e5lla tj\u00e4nster eller f\u00f6r att komma ih\u00e5g inst\u00e4llningar f\u00f6r att f\u00f6rb\u00e4ttra ditt bes\u00f6k. Vi anv\u00e4nder &#8221;funktionalitet&#8221; cookies f\u00f6r att<\/p>\n<p>Kom ih\u00e5g inst\u00e4llningar du har till\u00e4mpat som layout, textstorlek, inst\u00e4llningar och f\u00e4rger<br \/>\nKom ih\u00e5g om vi redan har fr\u00e5gat dig om du vill fylla i en enk\u00e4t<br \/>\nVisa dig n\u00e4r du \u00e4r inloggad p\u00e5 webbplatsen<br \/>\nDela information med partners f\u00f6r att tillhandah\u00e5lla en tj\u00e4nst p\u00e5 v\u00e5r webbplats. Informationen som delas ska endast anv\u00e4ndas f\u00f6r att tillhandah\u00e5lla tj\u00e4nsten, produkten eller funktionen och inte f\u00f6r n\u00e5got annat \u00e4ndam\u00e5l<br \/>\nCookies definierade som &#8221;Funktionalitet&#8221; kommer INTE att anv\u00e4ndas f\u00f6r<\/p>\n<p>Rikta dig med annonser p\u00e5 andra webbplatser<br \/>\nDe &#8221;funktionella&#8221; cookies som vi anv\u00e4nder p\u00e5 v\u00e5r webbplats listas och f\u00f6rklaras i v\u00e5rt sekretesscenter, tillg\u00e4ngligt via fliken &#8221;Cookieinst\u00e4llningar&#8221; p\u00e5 v\u00e5ra webbplatser.<\/p>\n<p>&#8217;Targeting&#8217;-cookies \u00e4r l\u00e4nkade till tj\u00e4nster som tillhandah\u00e5lls av tredje part, s\u00e5som &#8217;Gilla&#8217;-knappar och &#8217;Dela&#8217;-knappar. Den tredje parten tillhandah\u00e5ller dessa tj\u00e4nster i utbyte mot att erk\u00e4nna att du har bes\u00f6kt v\u00e5r webbplats. Vi anv\u00e4nder &#8221;Targeting&#8221;-cookies f\u00f6r att<\/p>\n<p>L\u00e4nk till sociala n\u00e4tverk som Facebook, som senare kan anv\u00e4nda information om ditt bes\u00f6k f\u00f6r att rikta annonsering mot dig p\u00e5 andra webbplatser<br \/>\nGe reklambyr\u00e5er information om ditt bes\u00f6k s\u00e5 att de kan presentera dig med annonser som du kan vara intresserad av<br \/>\nDe &#8221;inriktnings&#8221;-cookies vi anv\u00e4nder p\u00e5 v\u00e5r webbplats listas och f\u00f6rklaras i v\u00e5rt sekretesscenter, tillg\u00e4ngligt via fliken &#8221;Cookieinst\u00e4llningar&#8221; p\u00e5 v\u00e5ra webbplatser<\/p>\n<p>Vad \u00e4r webbfyrar och hur anv\u00e4nder vi dem?<\/p>\n<p>Vissa av v\u00e5ra webbsidor och e-postuppdateringar kan inneh\u00e5lla elektroniska bilder som kallas webbsignaler, ibland k\u00e4nda som en pixel GIF, tydliga GIF eller pixeltaggar. P\u00e5 webbplatser till\u00e5ter dessa oss att r\u00e4kna bes\u00f6kare som har tittat p\u00e5 v\u00e5ra sidor. I reklammeddelanden\/nyhetsbrev l\u00e5ter de oss r\u00e4kna hur m\u00e5nga prenumeranter som har l\u00e4st dem. Webbeacons till\u00e5ter oss att utveckla statistisk information om de aktiviteter och funktioner som intresserar v\u00e5ra konsumenter mest i syfte att tillhandah\u00e5lla mer personligt inneh\u00e5ll. De anv\u00e4nds inte f\u00f6r att komma \u00e5t personligt identifierbar information utan ditt samtycke.<\/p>\n<p>Vad h\u00e4nder om du inte vill ha kakor?<\/p>\n<p>Sekretesspreferenscenter<br \/>\nF\u00f6r alla andra \u00e4n strikt n\u00f6dv\u00e4ndiga cookies kan du hantera ditt samtycke i v\u00e5rt sekretesscenter, tillg\u00e4ngligt via fliken &#8221;Cookieinst\u00e4llningar&#8221; p\u00e5 v\u00e5ra webbplatser. Att inte samtycka till vissa typer av cookies kan dock p\u00e5verka din upplevelse av webbplatsen och de tj\u00e4nster vi kan erbjuda.<\/p>\n<p>Din webbl\u00e4sarinst\u00e4llningar<br \/>\nDessutom, om du inte vill ha cookies kan du st\u00e4lla in din dator s\u00e5 att den varnar dig varje g\u00e5ng en cookie skickas eller st\u00e4nga av alla cookies via din webbl\u00e4sare (t.ex. Internet Explorer eller Firefox). Kontrollera din webbl\u00e4sares HJ\u00c4LP-meny f\u00f6r att l\u00e4ra dig det korrekta s\u00e4ttet att \u00e4ndra eller uppdatera dina cookies.<\/p>\n<p>Alternativt kan du bes\u00f6ka www.aboutcookies.org som inneh\u00e5ller omfattande information om hur du g\u00f6r detta p\u00e5 en m\u00e4ngd olika webbl\u00e4sare. Du hittar ocks\u00e5 information om hur du tar bort cookies fr\u00e5n din dator samt mer allm\u00e4n information om cookies. F\u00f6r information om hur du g\u00f6r detta p\u00e5 din mobiltelefons webbl\u00e4sare m\u00e5ste du se manualen f\u00f6r din handenhet. Var medveten om att begr\u00e4nsning av cookies kan p\u00e5verka funktionaliteten p\u00e5 Mars webbplatser.<\/p>\n<p>Senast granskad: augusti 2020<\/p>\n<p><!-- OneTrust Cookies List start --><\/p>\n<div id=\"ot-sdk-cookie-policy\"><\/div>\n<p><!-- OneTrust Cookies List end --><\/p>\n<p><!-- OneTrust Cookies Settings button start --><br \/>\n<button id=\"ot-sdk-btn\" class=\"ot-sdk-show-settings\">Cookie-inst\u00e4llningar<\/button><br \/>\n<!-- OneTrust Cookies Settings button end --><\/p>\n","protected":false},"excerpt":{"rendered":"<p>Antech \u00e4r en del av Mars Veterinary Health-familjen av varum\u00e4rken och \u00e4r engagerad i Mars Petcare-syftet &#8211; En b\u00e4ttre v\u00e4rld f\u00f6r husdjur\u2122. Cookiemeddelande fr\u00e5n Mars I det h\u00e4r meddelandet hittar du information om cookies, vad vi g\u00f6r med cookies, vilka cookies som kan st\u00e4llas in n\u00e4r du bes\u00f6ker en Mars-webbplats och hur du avvisar eller&#8230;<\/p>\n","protected":false},"author":6,"featured_media":0,"parent":0,"menu_order":0,"comment_status":"closed","ping_status":"closed","template":"","meta":{"_acf_changed":false,"inline_featured_image":false,"footnotes":""},"class_list":["post-7485","page","type-page","status-publish","hentry"],"acf":[],"aioseo_notices":[],"_links":{"self":[{"href":"https:\/\/antechimagingacademy.com\/sv\/wp-json\/wp\/v2\/pages\/7485","targetHints":{"allow":["GET"]}}],"collection":[{"href":"https:\/\/antechimagingacademy.com\/sv\/wp-json\/wp\/v2\/pages"}],"about":[{"href":"https:\/\/antechimagingacademy.com\/sv\/wp-json\/wp\/v2\/types\/page"}],"author":[{"embeddable":true,"href":"https:\/\/antechimagingacademy.com\/sv\/wp-json\/wp\/v2\/users\/6"}],"replies":[{"embeddable":true,"href":"https:\/\/antechimagingacademy.com\/sv\/wp-json\/wp\/v2\/comments?post=7485"}],"version-history":[{"count":0,"href":"https:\/\/antechimagingacademy.com\/sv\/wp-json\/wp\/v2\/pages\/7485\/revisions"}],"wp:attachment":[{"href":"https:\/\/antechimagingacademy.com\/sv\/wp-json\/wp\/v2\/media?parent=7485"}],"curies":[{"name":"wp","href":"https:\/\/api.w.org\/{rel}","templated":true}]}}