{"id":7483,"date":"2022-01-26T09:03:30","date_gmt":"2022-01-26T14:03:30","guid":{"rendered":"https:\/\/antechimagingacademy.com\/cookie-policy\/"},"modified":"2023-03-16T03:38:30","modified_gmt":"2023-03-16T07:38:30","slug":"politica-de-cookies","status":"publish","type":"page","link":"https:\/\/antechimagingacademy.com\/pt-br\/politica-de-cookies\/","title":{"rendered":"Pol\u00edtica de Cookies"},"content":{"rendered":"<p>A Antech faz parte da fam\u00edlia de marcas Mars Veterinary Health e est\u00e1 comprometida com o prop\u00f3sito da Mars Petcare\u2014A Better World for Pets\u2122.<\/p>\n<p><strong>Aviso sobre cookies de Marte<\/strong><\/p>\n<p>Neste aviso, voc\u00ea encontrar\u00e1 informa\u00e7\u00f5es sobre cookies, o que fazemos com os cookies, quais cookies podem ser definidos quando voc\u00ea visita um site da Mars e como rejeitar ou excluir esses cookies.<\/p>\n<p>O que s\u00e3o cookies?<\/p>\n<p>\u201cCookies\u201d s\u00e3o arquivos de dados que um site da Web envia para o seu computador enquanto voc\u00ea visualiza o site. Esses arquivos de dados incluem informa\u00e7\u00f5es que permitem que nosso site se lembre de informa\u00e7\u00f5es importantes que tornar\u00e3o seu uso do site mais eficiente e \u00fatil para voc\u00ea. Nossos sites usam cookies para uma variedade de prop\u00f3sitos. Usamos tecnologia de cookies e endere\u00e7os IP para obter informa\u00e7\u00f5es n\u00e3o pessoais de visitantes online e tamb\u00e9m para fornecer aos visitantes registrados a melhor experi\u00eancia online personalizada poss\u00edvel.<\/p>\n<p>Como usamos cookies?<\/p>\n<p>Os visitantes de nossos sites usam diferentes navegadores da web e diferentes computadores. Para tornar suas visitas o mais f\u00e1cil poss\u00edvel com a tecnologia que voc\u00ea usa, monitoramos automaticamente o tipo de navegador (por exemplo, Internet Explorer) e sistema operacional (por exemplo, Windows, Apple) usado por um visitante e o nome de dom\u00ednio do provedor de servi\u00e7os de Internet do visitante. Tamb\u00e9m rastreamos o n\u00famero total de visitantes em nosso site de forma agregada para nos permitir atualizar e melhorar nosso site; informa\u00e7\u00f5es de identifica\u00e7\u00e3o pessoal n\u00e3o s\u00e3o extra\u00eddas neste processo. Esses dados nos informam se mais visitantes preferem determinados recursos ou \u00e1reas a outros, o que nos ajuda a manter nosso site atualizado e interessante para a maioria de nossos visitantes. Tamb\u00e9m usamos cookies para ajudar a impedir que crian\u00e7as entrem em determinadas \u00e1reas ou recursos destinados apenas a adultos ou adolescentes.<\/p>\n<p>Como usamos cookies para personalizar sua experi\u00eancia em nossos sites?<\/p>\n<p>A tecnologia de cookies nos ajuda a fornecer conte\u00fado adaptado aos interesses de um visitante e nos permite fazer pedidos de produtos, entrar e participar de sorteios e concursos e oferecer outras fun\u00e7\u00f5es em nosso site mais facilmente para nossos visitantes. Sites que oferecem compras online usam cookies para lembrar e processar os itens em seu carrinho de compras. Onde permitido, podemos associar informa\u00e7\u00f5es pessoais a um arquivo de cookie em tais casos.<\/p>\n<p>Diferentes tipos de cookies usados por n\u00f3s<\/p>\n<p>Os cookies usados por n\u00f3s s\u00e3o baseados no guia da C\u00e2mara Internacional de Com\u00e9rcio para as categorias de cookies: Estritamente Necess\u00e1rio, Desempenho, Funcionalidade e Segmenta\u00e7\u00e3o.<\/p>\n<p>Os cookies &#8216;estritamente necess\u00e1rios&#8217; permitem que voc\u00ea navegue pelo site e use recursos essenciais, como \u00e1reas seguras, cestas de compras e cobran\u00e7a online. Esses cookies n\u00e3o coletam nenhuma informa\u00e7\u00e3o sobre voc\u00ea que possa ser usada para marketing ou para lembrar onde voc\u00ea esteve na Internet. Usamos esses cookies estritamente necess\u00e1rios para<\/p>\n<p>Lembre-se de coisas como informa\u00e7\u00f5es inseridas em formul\u00e1rios de pedido ao navegar para p\u00e1ginas diferentes em uma \u00fanica sess\u00e3o do navegador da web<br \/>\nLembre-se dos produtos e servi\u00e7os que voc\u00ea solicitou quando chegar \u00e0 p\u00e1gina de checkout<br \/>\nidentific\u00e1-lo como estando conectado a um site da Mars<br \/>\nCertifique-se de conectar-se ao servi\u00e7o certo em nosso site quando fizermos altera\u00e7\u00f5es na maneira como o site funciona<br \/>\nOs cookies que definimos como cookies &#8216;estritamente necess\u00e1rios&#8217; N\u00c3O ser\u00e3o usados para<\/p>\n<p>Re\u00fana informa\u00e7\u00f5es que possam ser usadas para anunciar produtos ou servi\u00e7os para voc\u00ea<br \/>\nLembre-se de suas prefer\u00eancias ou nome de usu\u00e1rio al\u00e9m de sua visita atual<br \/>\nOs cookies &#8216;Estritamente Necess\u00e1rios&#8217; que usamos em nosso site s\u00e3o listados e explicados em nosso Centro de Prefer\u00eancias de Privacidade, dispon\u00edvel na guia &#8216;Configura\u00e7\u00f5es de Cookies&#8217; em nossos sites.<\/p>\n<p>Cookies de &#8216;Desempenho&#8217; coletam informa\u00e7\u00f5es sobre como voc\u00ea usa nosso site, por exemplo. quais p\u00e1ginas voc\u00ea visita e se voc\u00ea tiver algum erro. Esses cookies n\u00e3o coletam nenhuma informa\u00e7\u00e3o que possa identific\u00e1-lo \u2013 todas as informa\u00e7\u00f5es coletadas s\u00e3o an\u00f4nimas e s\u00e3o usadas apenas para nos ajudar a melhorar o funcionamento do nosso site, entender o que interessa aos nossos usu\u00e1rios e medir a efic\u00e1cia da nossa publicidade. Usamos cookies de desempenho para<\/p>\n<p>Fornecer estat\u00edsticas sobre como nosso site \u00e9 usado<br \/>\nVeja a efic\u00e1cia de nossos an\u00fancios (n\u00e3o usamos essas informa\u00e7\u00f5es para direcionar an\u00fancios para voc\u00ea quando voc\u00ea visita outros sites)<br \/>\nAjude-nos a melhorar o site medindo quaisquer erros que ocorram<br \/>\nTeste diferentes designs do nosso site<br \/>\nOs cookies que definimos como cookies de &#8216;Desempenho&#8217; N\u00c3O ser\u00e3o usados para<\/p>\n<p>Re\u00fana informa\u00e7\u00f5es que possam ser usadas para anunciar produtos ou servi\u00e7os para voc\u00ea em outros sites<br \/>\nLembre-se de suas prefer\u00eancias ou nome de usu\u00e1rio al\u00e9m de sua visita atual<br \/>\nDirecionar an\u00fancios para voc\u00ea em qualquer outro site<br \/>\nOs cookies de &#8216;Desempenho&#8217; que usamos em nosso site s\u00e3o listados e explicados em nosso Centro de prefer\u00eancias de privacidade, dispon\u00edvel na guia &#8216;Configura\u00e7\u00f5es de cookies&#8217; em nossos sites.<\/p>\n<p>Cookies &#8216;funcionais&#8217; s\u00e3o usados para fornecer servi\u00e7os ou para lembrar configura\u00e7\u00f5es para melhorar sua visita. Usamos cookies de &#8216;Funcionalidade&#8217; para<\/p>\n<p>Lembre-se das configura\u00e7\u00f5es que voc\u00ea aplicou, como layout, tamanho do texto, prefer\u00eancias e cores<br \/>\nLembre-se de que j\u00e1 perguntamos se voc\u00ea deseja preencher uma pesquisa<br \/>\nMostra quando voc\u00ea est\u00e1 logado no site<br \/>\nCompartilhar informa\u00e7\u00f5es com parceiros para fornecer um servi\u00e7o em nosso site. As informa\u00e7\u00f5es compartilhadas devem ser usadas apenas para fornecer o servi\u00e7o, produto ou fun\u00e7\u00e3o e n\u00e3o para qualquer outra finalidade<br \/>\nCookies definidos como &#8216;Funcionalidade&#8217; N\u00c3O ser\u00e3o usados para<\/p>\n<p>Segmentar voc\u00ea com an\u00fancios em outros sites<br \/>\nOs cookies &#8216;funcionais&#8217; que usamos em nosso site s\u00e3o listados e explicados em nosso Centro de prefer\u00eancias de privacidade, dispon\u00edvel na guia &#8216;Configura\u00e7\u00f5es de cookies&#8217; em nossos sites.<\/p>\n<p>Os cookies de &#8216;direcionamento&#8217; est\u00e3o vinculados a servi\u00e7os fornecidos por terceiros, como bot\u00f5es &#8216;Curtir&#8217; e bot\u00f5es &#8216;Compartilhar&#8217;. O terceiro fornece esses servi\u00e7os em troca de reconhecer que voc\u00ea visitou nosso site. Usamos cookies de &#8216;Segmenta\u00e7\u00e3o&#8217; para<\/p>\n<p>Link para redes sociais como o Facebook, que podem posteriormente usar informa\u00e7\u00f5es sobre sua visita para direcionar publicidade para voc\u00ea em outros sites<br \/>\nForne\u00e7a \u00e0s ag\u00eancias de publicidade informa\u00e7\u00f5es sobre sua visita para que elas possam apresentar an\u00fancios nos quais voc\u00ea possa estar interessado<br \/>\nOs cookies de &#8216;Segmenta\u00e7\u00e3o&#8217; que usamos em nosso site s\u00e3o listados e explicados em nosso Centro de prefer\u00eancias de privacidade, dispon\u00edvel na guia &#8216;Configura\u00e7\u00f5es de cookies&#8217; em nossos sites<\/p>\n<p>O que s\u00e3o Web beacons e como os usamos?<\/p>\n<p>Algumas de nossas p\u00e1ginas da Web e atualiza\u00e7\u00f5es por e-mail podem conter imagens eletr\u00f4nicas chamadas Web beacons, \u00e0s vezes conhecidas como GIFs de um pixel, GIFs transparentes ou marcas de pixel. Nos sites, eles nos permitem contar os visitantes que visualizaram nossas p\u00e1ginas. Nas mensagens de e-mail\/newsletters promocionais permitem-nos contar quantos subscritores as leram. Os web beacons permitem-nos desenvolver informa\u00e7\u00e3o estat\u00edstica sobre as atividades e funcionalidades que mais interessam aos nossos consumidores com o objetivo de fornecer conte\u00fados mais personalizados. Eles n\u00e3o s\u00e3o usados para acessar informa\u00e7\u00f5es de identifica\u00e7\u00e3o pessoal sem o seu consentimento.<\/p>\n<p>E se voc\u00ea n\u00e3o quiser biscoitos?<\/p>\n<p>Centro de prefer\u00eancias de privacidade<br \/>\nPara todos os cookies que n\u00e3o sejam Estritamente Necess\u00e1rios, voc\u00ea pode gerenciar seu consentimento em nosso Centro de Prefer\u00eancias de Privacidade, dispon\u00edvel na guia &#8216;Configura\u00e7\u00f5es de Cookies&#8217; em nossos sites. No entanto, n\u00e3o consentir com alguns tipos de cookies pode afetar sua experi\u00eancia no site e nos servi\u00e7os que podemos oferecer.<\/p>\n<p>Configura\u00e7\u00f5es do seu navegador<br \/>\nAl\u00e9m disso, se voc\u00ea n\u00e3o quiser cookies, pode configurar seu computador para avis\u00e1-lo sempre que um cookie estiver sendo enviado ou desativar todos os cookies por meio de seu navegador (por exemplo, Internet Explorer ou Firefox). Verifique o menu de AJUDA do seu navegador para saber a maneira correta de alterar ou atualizar seus cookies.<\/p>\n<p>Como alternativa, voc\u00ea pode visitar www.aboutcookies.org, que cont\u00e9m informa\u00e7\u00f5es abrangentes sobre como fazer isso em uma ampla variedade de navegadores. Voc\u00ea tamb\u00e9m encontrar\u00e1 detalhes sobre como excluir cookies do seu computador, bem como informa\u00e7\u00f5es mais gerais sobre cookies. Para obter informa\u00e7\u00f5es sobre como fazer isso no navegador do seu celular, voc\u00ea precisar\u00e1 consultar o manual do seu aparelho. Esteja ciente de que a restri\u00e7\u00e3o de cookies pode afetar a funcionalidade dos sites da Mars.<\/p>\n<p>\u00daltima revis\u00e3o: agosto de 2020<\/p>\n<p><!-- OneTrust Cookies List start --><\/p>\n<div id=\"ot-sdk-cookie-policy\"><\/div>\n<p><!-- OneTrust Cookies List end --><\/p>\n<p><!-- OneTrust Cookies Settings button start --><br \/>\n<button id=\"ot-sdk-btn\" class=\"ot-sdk-show-settings\">Configura\u00e7\u00f5es de cookies<\/button><br \/>\n<!-- OneTrust Cookies Settings button end --><\/p>\n","protected":false},"excerpt":{"rendered":"<p>A Antech faz parte da fam\u00edlia de marcas Mars Veterinary Health e est\u00e1 comprometida com o prop\u00f3sito da Mars Petcare\u2014A Better World for Pets\u2122. Aviso sobre cookies de Marte Neste aviso, voc\u00ea encontrar\u00e1 informa\u00e7\u00f5es sobre cookies, o que fazemos com os cookies, quais cookies podem ser definidos quando voc\u00ea visita um site da Mars e&#8230;<\/p>\n","protected":false},"author":6,"featured_media":0,"parent":0,"menu_order":0,"comment_status":"closed","ping_status":"closed","template":"","meta":{"_acf_changed":false,"inline_featured_image":false,"footnotes":""},"class_list":["post-7483","page","type-page","status-publish","hentry"],"acf":[],"aioseo_notices":[],"_links":{"self":[{"href":"https:\/\/antechimagingacademy.com\/pt-br\/wp-json\/wp\/v2\/pages\/7483","targetHints":{"allow":["GET"]}}],"collection":[{"href":"https:\/\/antechimagingacademy.com\/pt-br\/wp-json\/wp\/v2\/pages"}],"about":[{"href":"https:\/\/antechimagingacademy.com\/pt-br\/wp-json\/wp\/v2\/types\/page"}],"author":[{"embeddable":true,"href":"https:\/\/antechimagingacademy.com\/pt-br\/wp-json\/wp\/v2\/users\/6"}],"replies":[{"embeddable":true,"href":"https:\/\/antechimagingacademy.com\/pt-br\/wp-json\/wp\/v2\/comments?post=7483"}],"version-history":[{"count":0,"href":"https:\/\/antechimagingacademy.com\/pt-br\/wp-json\/wp\/v2\/pages\/7483\/revisions"}],"wp:attachment":[{"href":"https:\/\/antechimagingacademy.com\/pt-br\/wp-json\/wp\/v2\/media?parent=7483"}],"curies":[{"name":"wp","href":"https:\/\/api.w.org\/{rel}","templated":true}]}}