{"id":7484,"date":"2022-01-26T09:03:30","date_gmt":"2022-01-26T14:03:30","guid":{"rendered":"https:\/\/antechimagingacademy.com\/cookie-policy\/"},"modified":"2023-03-16T03:39:50","modified_gmt":"2023-03-16T07:39:50","slug":"politica-de-cookies","status":"publish","type":"page","link":"https:\/\/antechimagingacademy.com\/es\/politica-de-cookies\/","title":{"rendered":"Pol\u00edtica de cookies"},"content":{"rendered":"<p>Antech es parte de la familia de marcas de Mars Veterinary Health y est\u00e1 comprometida con el prop\u00f3sito de Mars Petcare: A Better World for Pets\u2122.<\/p>\n<p><strong>Aviso de cookies de Marte<\/strong><\/p>\n<p>En este aviso, encontrar\u00e1 informaci\u00f3n sobre las cookies, qu\u00e9 hacemos con las cookies, qu\u00e9 cookies se pueden configurar cuando visita un sitio web de Mars y c\u00f3mo rechazar o eliminar esas cookies.<\/p>\n<p>\u00bfQu\u00e9 son las cookies?<\/p>\n<p>Las \u00abcookies\u00bb son archivos de datos que un sitio web env\u00eda a su computadora mientras est\u00e1 viendo el sitio. Estos archivos de datos incluyen informaci\u00f3n que permite que nuestro sitio recuerde informaci\u00f3n importante que har\u00e1 que su uso del sitio sea m\u00e1s eficiente y \u00fatil para usted. Nuestros sitios utilizan cookies para una variedad de prop\u00f3sitos. Utilizamos tecnolog\u00eda de cookies y direcciones IP para obtener informaci\u00f3n no personal de los visitantes en l\u00ednea y tambi\u00e9n para brindarles a los visitantes registrados la mejor experiencia en l\u00ednea personalizada posible.<\/p>\n<p>C\u00f3mo usamos las cookies?<\/p>\n<p>Los visitantes de nuestros sitios utilizan diferentes navegadores web y diferentes computadoras. Para que sus visitas sean lo m\u00e1s f\u00e1ciles posible con la tecnolog\u00eda que utiliza, realizamos un seguimiento autom\u00e1tico del tipo de navegador (p. ej., Internet Explorer) y sistema operativo (p. ej., Windows, Apple) utilizado por un visitante, y el nombre de dominio del proveedor de servicios de Internet del visitante. Tambi\u00e9n rastreamos el n\u00famero total de visitantes a nuestro sitio en forma agregada para permitirnos actualizar y mejorar nuestro sitio; la informaci\u00f3n de identificaci\u00f3n personal no se extrae en este proceso. Estos datos nos dicen si m\u00e1s visitantes prefieren ciertas caracter\u00edsticas o \u00e1reas a otras, lo que nos ayuda a mantener nuestro sitio actualizado e interesante para la mayor\u00eda de nuestros visitantes. Tambi\u00e9n usamos cookies para ayudar a evitar que los ni\u00f1os ingresen a ciertas \u00e1reas o funciones destinadas solo para adultos o adolescentes.<\/p>\n<p>\u00bfC\u00f3mo utilizamos las cookies para personalizar su experiencia en nuestros sitios?<\/p>\n<p>La tecnolog\u00eda de cookies nos ayuda a ofrecer contenido adaptado a los intereses de un visitante y nos permite hacer pedidos de productos, participar en sorteos y concursos y ofrecer otras funciones en nuestro sitio m\u00e1s f\u00e1cil para nuestros visitantes. Los sitios que ofrecen compras en l\u00ednea utilizan cookies para recordar y procesar los art\u00edculos en su carrito de compras. Cuando est\u00e9 permitido, podemos asociar informaci\u00f3n personal con un archivo de cookies en tales casos.<\/p>\n<p>Diferentes tipos de cookies que utilizamos<\/p>\n<p>Las cookies que utilizamos se basan en la gu\u00eda de la C\u00e1mara de Comercio Internacional para las categor\u00edas de cookies: Estrictamente necesarias, Rendimiento, Funcionalidad y Orientaci\u00f3n.<\/p>\n<p>Las cookies \u00abestrictamente necesarias\u00bb le permiten moverse por el sitio web y utilizar funciones esenciales como \u00e1reas seguras, carritos de compras y facturaci\u00f3n en l\u00ednea. Estas cookies no recopilan ninguna informaci\u00f3n sobre usted que pueda usarse para marketing o para recordar d\u00f3nde ha estado en Internet. Utilizamos estas cookies estrictamente necesarias para<\/p>\n<p>Recuerde cosas como la informaci\u00f3n que ingres\u00f3 en los formularios de pedido cuando navegue a diferentes p\u00e1ginas en una sola sesi\u00f3n del navegador web<br \/>\nRecuerde los bienes y servicios que orden\u00f3 cuando llegue a la p\u00e1gina de pago<br \/>\nidentificarlo como que ha iniciado sesi\u00f3n en un sitio web de Mars<br \/>\nAseg\u00farese de conectarse al servicio correcto en nuestro sitio web cuando realicemos cambios en la forma en que funciona el sitio web.<br \/>\nLas cookies que hemos definido como \u00abestrictamente necesarias\u00bb NO se utilizar\u00e1n para<\/p>\n<p>Recopilar informaci\u00f3n que podr\u00eda usarse para anunciarle productos o servicios.<br \/>\nRecordar sus preferencias o nombre de usuario m\u00e1s all\u00e1 de su visita actual<br \/>\nLas cookies \u00abestrictamente necesarias\u00bb que utilizamos en nuestro sitio web se enumeran y explican en nuestro Centro de preferencias de privacidad, disponible a trav\u00e9s de la pesta\u00f1a \u00abConfiguraci\u00f3n de cookies\u00bb en nuestros sitios web.<\/p>\n<p>Las cookies de \u00abrendimiento\u00bb recopilan informaci\u00f3n sobre c\u00f3mo utiliza nuestro sitio web, p. qu\u00e9 p\u00e1ginas visita y si experimenta alg\u00fan error. Estas cookies no recopilan ninguna informaci\u00f3n que pueda identificarlo: toda la informaci\u00f3n recopilada es an\u00f3nima y solo se utiliza para ayudarnos a mejorar el funcionamiento de nuestro sitio web, comprender qu\u00e9 interesa a nuestros usuarios y medir la eficacia de nuestra publicidad. Utilizamos cookies de rendimiento para<\/p>\n<p>Proporcionar estad\u00edsticas sobre c\u00f3mo se utiliza nuestro sitio web<br \/>\nVea qu\u00e9 tan efectivos son nuestros anuncios (no usamos esta informaci\u00f3n para dirigirle anuncios cuando visita otros sitios web)<br \/>\nAy\u00fadanos a mejorar el sitio web midiendo cualquier error que ocurra<br \/>\nProbar diferentes dise\u00f1os de nuestro sitio web<br \/>\nLas cookies que hemos definido como cookies de \u00abrendimiento\u00bb NO se utilizar\u00e1n para<\/p>\n<p>Recopilar informaci\u00f3n que podr\u00eda usarse para anunciarle productos o servicios en otros sitios web<br \/>\nRecordar sus preferencias o nombre de usuario m\u00e1s all\u00e1 de su visita actual<br \/>\nDirigir anuncios a usted en cualquier otro sitio web<br \/>\nLas cookies de \u00abRendimiento\u00bb que utilizamos en nuestro sitio web se enumeran y explican en nuestro Centro de preferencias de privacidad, disponible a trav\u00e9s de la pesta\u00f1a \u00abConfiguraci\u00f3n de cookies\u00bb en nuestros sitios web.<\/p>\n<p>Las cookies &#8216;funcionales&#8217; se utilizan para proporcionar servicios o recordar configuraciones para mejorar su visita. Usamos cookies de &#8216;Funcionalidad&#8217; para<\/p>\n<p>Recuerde la configuraci\u00f3n que ha aplicado, como el dise\u00f1o, el tama\u00f1o del texto, las preferencias y los colores.<br \/>\nRecuerda si ya te hemos preguntado si quieres rellenar una encuesta<br \/>\nMostrarte cuando hayas iniciado sesi\u00f3n en el sitio web<br \/>\nCompartir informaci\u00f3n con socios para proporcionar un servicio en nuestro sitio web. La informaci\u00f3n compartida solo se utilizar\u00e1 para proporcionar el servicio, producto o funci\u00f3n y no para ning\u00fan otro prop\u00f3sito.<br \/>\nLas cookies definidas como &#8216;Funcionalidad&#8217; NO se utilizar\u00e1n para<\/p>\n<p>Dirigirse a usted con anuncios en otros sitios web<br \/>\nLas cookies &#8216;funcionales&#8217; que utilizamos en nuestro sitio web se enumeran y explican en nuestro Centro de preferencias de privacidad, disponible a trav\u00e9s de la pesta\u00f1a &#8216;Configuraci\u00f3n de cookies&#8217; en nuestros sitios web.<\/p>\n<p>Las cookies de \u00abobjetivo\u00bb est\u00e1n vinculadas a servicios proporcionados por terceros, como los botones \u00abMe gusta\u00bb y los botones \u00abCompartir\u00bb. El tercero proporciona estos servicios a cambio de reconocer que ha visitado nuestro sitio web. Utilizamos cookies de &#8216;Targeting&#8217; para<\/p>\n<p>Enlace a redes sociales como Facebook, que posteriormente puede usar informaci\u00f3n sobre su visita para dirigirle publicidad en otros sitios web<br \/>\nProporcionar a las agencias de publicidad informaci\u00f3n sobre su visita para que puedan presentarle anuncios que puedan interesarle.<br \/>\nLas cookies de &#8216;Targeting&#8217; que utilizamos en nuestro sitio web se enumeran y explican en nuestro Centro de preferencias de privacidad, disponible a trav\u00e9s de la pesta\u00f1a &#8216;Configuraci\u00f3n de cookies&#8217; en nuestros sitios web.<\/p>\n<p>\u00bfQu\u00e9 son las balizas web y c\u00f3mo las usamos?<\/p>\n<p>Algunas de nuestras p\u00e1ginas web y actualizaciones por correo electr\u00f3nico pueden contener im\u00e1genes electr\u00f3nicas denominadas balizas web, a veces conocidas como GIF de un p\u00edxel, GIF transparentes o etiquetas de p\u00edxel. En los sitios web, estos nos permiten contar los visitantes que han visto nuestras p\u00e1ginas. En los mensajes de correo electr\u00f3nico\/boletines promocionales nos permiten contar cu\u00e1ntos suscriptores los han le\u00eddo. Los web beacons nos permiten desarrollar informaci\u00f3n estad\u00edstica sobre las actividades y caracter\u00edsticas que m\u00e1s interesan a nuestros consumidores con el fin de brindar contenido m\u00e1s personalizado. No se utilizan para acceder a informaci\u00f3n de identificaci\u00f3n personal sin su consentimiento.<\/p>\n<p>\u00bfQu\u00e9 pasa si no quieres galletas?<\/p>\n<p>Centro de preferencias de privacidad<br \/>\nPara todas las cookies que no sean estrictamente necesarias, puede administrar su consentimiento en nuestro Centro de preferencias de privacidad, disponible a trav\u00e9s de la pesta\u00f1a \u00abConfiguraci\u00f3n de cookies\u00bb en nuestros sitios web. Sin embargo, no dar su consentimiento a algunos tipos de cookies puede afectar su experiencia en el sitio y los servicios que podemos ofrecer.<\/p>\n<p>La configuraci\u00f3n de su navegador<br \/>\nAdem\u00e1s, si no desea cookies, puede configurar su computadora para que le avise cada vez que se env\u00eda una cookie o desactivar todas las cookies a trav\u00e9s de su navegador (por ejemplo, Internet Explorer o Firefox). Consulte el men\u00fa AYUDA de su navegador para conocer la forma correcta de cambiar o actualizar sus cookies.<\/p>\n<p>Alternativamente, puede visitar www.aboutcookies.org que contiene informaci\u00f3n completa sobre c\u00f3mo hacer esto en una amplia variedad de navegadores. Tambi\u00e9n encontrar\u00e1 detalles sobre c\u00f3mo eliminar las cookies de su computadora, as\u00ed como informaci\u00f3n m\u00e1s general sobre las cookies. Para obtener informaci\u00f3n sobre c\u00f3mo hacer esto en el navegador de su tel\u00e9fono m\u00f3vil, deber\u00e1 consultar el manual de su tel\u00e9fono. Tenga en cuenta que restringir las cookies puede afectar la funcionalidad de los sitios web de Mars.<\/p>\n<p>\u00daltima revisi\u00f3n: agosto de 2020<\/p>\n<p><!-- OneTrust Cookies List start --><\/p>\n<div id=\"ot-sdk-cookie-policy\"><\/div>\n<p><!-- OneTrust Cookies List end --><\/p>\n<p><!-- OneTrust Cookies Settings button start --><br \/>\n<button id=\"ot-sdk-btn\" class=\"ot-sdk-show-settings\">Configuraci\u00f3n de cookies<\/button><br \/>\n<!-- OneTrust Cookies Settings button end --><\/p>\n","protected":false},"excerpt":{"rendered":"<p>Antech es parte de la familia de marcas de Mars Veterinary Health y est\u00e1 comprometida con el prop\u00f3sito de Mars Petcare: A Better World for Pets\u2122. Aviso de cookies de Marte En este aviso, encontrar\u00e1 informaci\u00f3n sobre las cookies, qu\u00e9 hacemos con las cookies, qu\u00e9 cookies se pueden configurar cuando visita un sitio web de&#8230;<\/p>\n","protected":false},"author":6,"featured_media":0,"parent":0,"menu_order":0,"comment_status":"closed","ping_status":"closed","template":"","meta":{"_acf_changed":false,"inline_featured_image":false,"footnotes":""},"class_list":["post-7484","page","type-page","status-publish","hentry"],"acf":[],"aioseo_notices":[],"_links":{"self":[{"href":"https:\/\/antechimagingacademy.com\/es\/wp-json\/wp\/v2\/pages\/7484","targetHints":{"allow":["GET"]}}],"collection":[{"href":"https:\/\/antechimagingacademy.com\/es\/wp-json\/wp\/v2\/pages"}],"about":[{"href":"https:\/\/antechimagingacademy.com\/es\/wp-json\/wp\/v2\/types\/page"}],"author":[{"embeddable":true,"href":"https:\/\/antechimagingacademy.com\/es\/wp-json\/wp\/v2\/users\/6"}],"replies":[{"embeddable":true,"href":"https:\/\/antechimagingacademy.com\/es\/wp-json\/wp\/v2\/comments?post=7484"}],"version-history":[{"count":0,"href":"https:\/\/antechimagingacademy.com\/es\/wp-json\/wp\/v2\/pages\/7484\/revisions"}],"wp:attachment":[{"href":"https:\/\/antechimagingacademy.com\/es\/wp-json\/wp\/v2\/media?parent=7484"}],"curies":[{"name":"wp","href":"https:\/\/api.w.org\/{rel}","templated":true}]}}